{"id":42,"date":"2025-10-02T18:08:23","date_gmt":"2025-10-02T18:08:23","guid":{"rendered":"https:\/\/fair-up.com\/advisory\/?page_id=42"},"modified":"2025-10-11T17:24:15","modified_gmt":"2025-10-11T17:24:15","slug":"politique-confidentialite","status":"publish","type":"page","link":"https:\/\/fair-up.com\/advisory\/politique-confidentialite\/","title":{"rendered":"Politique de confidentialit\u00e9"},"content":{"rendered":"\t\t<div data-elementor-type=\"wp-page\" data-elementor-id=\"42\" class=\"elementor elementor-42\" data-elementor-post-type=\"page\">\n\t\t\t\t<div class=\"elementor-element elementor-element-9c5d0ef e-flex e-con-boxed e-con e-parent\" data-id=\"9c5d0ef\" data-element_type=\"container\" data-settings=\"{&quot;background_background&quot;:&quot;classic&quot;}\">\n\t\t\t\t\t<div class=\"e-con-inner\">\n\t\t\t\t<div class=\"elementor-element elementor-element-05ac478 elementor-widget elementor-widget-heading\" data-id=\"05ac478\" data-element_type=\"widget\" data-widget_type=\"heading.default\">\n\t\t\t\t\t<h2 class=\"elementor-heading-title elementor-size-default\">Fairup Advisory<\/h2>\t\t\t\t<\/div>\n\t\t\t\t<div class=\"elementor-element elementor-element-7d57e7c elementor-widget elementor-widget-heading\" data-id=\"7d57e7c\" data-element_type=\"widget\" data-widget_type=\"heading.default\">\n\t\t\t\t\t<h2 class=\"elementor-heading-title elementor-size-default\">Politique de confidentialit\u00e9<\/h2>\t\t\t\t<\/div>\n\t\t\t\t<div class=\"elementor-element elementor-element-433c3e7 elementor-widget__width-initial elementor-widget-tablet__width-initial elementor-widget elementor-widget-text-editor\" data-id=\"433c3e7\" data-element_type=\"widget\" data-widget_type=\"text-editor.default\">\n\t\t\t\t\t\t\t\t\tProtection de vos donn\u00e9es personnelles et engagement de confidentialit\u00e9 chez Fairup Advisory\t\t\t\t\t\t\t\t<\/div>\n\t\t\t\t\t<\/div>\n\t\t\t\t<\/div>\n\t\t<div class=\"elementor-element elementor-element-2cf9191 e-flex e-con-boxed e-con e-parent\" data-id=\"2cf9191\" data-element_type=\"container\">\n\t\t\t\t\t<div class=\"e-con-inner\">\n\t\t\t\t<div class=\"elementor-element elementor-element-40797b1 elementor-widget elementor-widget-text-editor\" data-id=\"40797b1\" data-element_type=\"widget\" data-widget_type=\"text-editor.default\">\n\t\t\t\t\t\t\t\t\t<p data-start=\"150\" data-end=\"459\"><strong data-start=\"150\" data-end=\"169\">1. Introduction<\/strong><br data-start=\"169\" data-end=\"172\" \/>La pr\u00e9sente politique de confidentialit\u00e9 a pour objectif d\u2019informer les utilisateurs du site <strong data-start=\"265\" data-end=\"284\">Fairup Advisory<\/strong> sur la mani\u00e8re dont leurs donn\u00e9es personnelles sont collect\u00e9es, utilis\u00e9es et prot\u00e9g\u00e9es.<br data-start=\"372\" data-end=\"375\" \/>En acc\u00e9dant au site, l\u2019utilisateur accepte la pr\u00e9sente politique de confidentialit\u00e9.<\/p>\n<p data-start=\"466\" data-end=\"721\"><strong data-start=\"466\" data-end=\"498\">2. Responsable du traitement<\/strong><br data-start=\"498\" data-end=\"501\" \/>Le responsable du traitement des donn\u00e9es est <strong data-start=\"546\" data-end=\"557\">Tarik H<\/strong>, repr\u00e9sentant l\u00e9gal de <strong data-start=\"581\" data-end=\"600\">Fairup Advisory<\/strong>.<br data-start=\"601\" data-end=\"604\" \/>\ud83d\udccd <em data-start=\"607\" data-end=\"642\">[Adresse ]<\/em><br data-start=\"642\" data-end=\"645\" \/>\ud83d\udcde <em data-start=\"648\" data-end=\"683\">[Num\u00e9ro de t\u00e9l\u00e9phone]<\/em><br data-start=\"683\" data-end=\"686\" \/>\u2709\ufe0f <em data-start=\"689\" data-end=\"719\">contact.advisory@fair-up.com\u00a0<\/em><\/p>\n<p data-start=\"728\" data-end=\"880\"><strong data-start=\"728\" data-end=\"753\">3. Donn\u00e9es collect\u00e9es<\/strong><br data-start=\"753\" data-end=\"756\" \/>Nous collectons uniquement les donn\u00e9es n\u00e9cessaires au bon fonctionnement du site et \u00e0 la gestion des demandes de contact :<\/p>\n\n<ul data-start=\"881\" data-end=\"1006\">\n \t<li data-start=\"881\" data-end=\"896\">\n<p data-start=\"883\" data-end=\"896\">Nom, pr\u00e9nom<\/p>\n<\/li>\n \t<li data-start=\"897\" data-end=\"915\">\n<p data-start=\"899\" data-end=\"915\">Adresse e-mail<\/p>\n<\/li>\n \t<li data-start=\"916\" data-end=\"956\">\n<p data-start=\"918\" data-end=\"956\">Num\u00e9ro de t\u00e9l\u00e9phone (le cas \u00e9ch\u00e9ant)<\/p>\n<\/li>\n \t<li data-start=\"957\" data-end=\"1006\">\n<p data-start=\"959\" data-end=\"1006\">Message transmis via le formulaire de contact<\/p>\n<\/li>\n<\/ul>\n<p data-start=\"1013\" data-end=\"1097\"><strong data-start=\"1013\" data-end=\"1043\">4. Finalit\u00e9 de la collecte<\/strong><br data-start=\"1043\" data-end=\"1046\" \/>Les informations collect\u00e9es sont utilis\u00e9es pour :<\/p>\n\n<ul data-start=\"1098\" data-end=\"1231\">\n \t<li data-start=\"1098\" data-end=\"1134\">\n<p data-start=\"1100\" data-end=\"1134\">R\u00e9pondre aux demandes de contact<\/p>\n<\/li>\n \t<li data-start=\"1135\" data-end=\"1180\">\n<p data-start=\"1137\" data-end=\"1180\">Fournir des informations sur nos services<\/p>\n<\/li>\n \t<li data-start=\"1181\" data-end=\"1231\">\n<p data-start=\"1183\" data-end=\"1231\">Am\u00e9liorer l\u2019exp\u00e9rience utilisateur sur le site<\/p>\n<\/li>\n<\/ul>\n<p data-start=\"1233\" data-end=\"1314\">Aucune donn\u00e9e n\u2019est utilis\u00e9e \u00e0 des fins commerciales sans consentement pr\u00e9alable.<\/p>\n<p data-start=\"1321\" data-end=\"1481\"><strong data-start=\"1321\" data-end=\"1352\">5. Conservation des donn\u00e9es<\/strong><br data-start=\"1352\" data-end=\"1355\" \/>Les donn\u00e9es personnelles sont conserv\u00e9es pour une dur\u00e9e maximale de <strong data-start=\"1423\" data-end=\"1432\">3 ans<\/strong> \u00e0 compter du dernier contact avec l\u2019utilisateur.<\/p>\n<p data-start=\"1488\" data-end=\"1734\"><strong data-start=\"1488\" data-end=\"1514\">6. Partage des donn\u00e9es<\/strong><br data-start=\"1514\" data-end=\"1517\" \/>Les donn\u00e9es collect\u00e9es ne sont <strong data-start=\"1548\" data-end=\"1579\">jamais vendues ni \u00e9chang\u00e9es<\/strong>.<br data-start=\"1580\" data-end=\"1583\" \/>Elles peuvent \u00eatre partag\u00e9es uniquement avec des prestataires techniques (comme l\u2019h\u00e9bergeur <strong data-start=\"1675\" data-end=\"1688\">Hostinger<\/strong>) dans le cadre du bon fonctionnement du site.<\/p>\n<p data-start=\"1741\" data-end=\"1943\"><strong data-start=\"1741\" data-end=\"1768\">7. S\u00e9curit\u00e9 des donn\u00e9es<\/strong><br data-start=\"1768\" data-end=\"1771\" \/>Fairup Advisory met en \u0153uvre toutes les mesures n\u00e9cessaires pour assurer la s\u00e9curit\u00e9 et la confidentialit\u00e9 des donn\u00e9es personnelles (protocoles SSL, acc\u00e8s restreint, etc.).<\/p>\n<p data-start=\"1950\" data-end=\"2100\"><strong data-start=\"1950\" data-end=\"1980\">8. Droits de l\u2019utilisateur<\/strong><br data-start=\"1980\" data-end=\"1983\" \/>Conform\u00e9ment au R\u00e8glement G\u00e9n\u00e9ral sur la Protection des Donn\u00e9es (RGPD), l\u2019utilisateur dispose des droits suivants :<\/p>\n\n<ul data-start=\"2101\" data-end=\"2237\">\n \t<li data-start=\"2101\" data-end=\"2138\">\n<p data-start=\"2103\" data-end=\"2138\">Droit d\u2019acc\u00e8s et de rectification<\/p>\n<\/li>\n \t<li data-start=\"2139\" data-end=\"2161\">\n<p data-start=\"2141\" data-end=\"2161\">Droit d\u2019effacement<\/p>\n<\/li>\n \t<li data-start=\"2162\" data-end=\"2198\">\n<p data-start=\"2164\" data-end=\"2198\">Droit d\u2019opposition au traitement<\/p>\n<\/li>\n \t<li data-start=\"2199\" data-end=\"2237\">\n<p data-start=\"2201\" data-end=\"2237\">Droit \u00e0 la portabilit\u00e9 des donn\u00e9es<\/p>\n<\/li>\n<\/ul>\n<p data-start=\"2239\" data-end=\"2337\">Pour exercer ces droits, il suffit d\u2019envoyer une demande \u00e0 :<br data-start=\"2299\" data-end=\"2302\" \/>\u2709\ufe0f <em data-start=\"2305\" data-end=\"2335\">contact.advisory@fair-up.com<\/em><\/p>\n<p data-start=\"2344\" data-end=\"2539\"><strong data-start=\"2344\" data-end=\"2374\">9. H\u00e9bergement des donn\u00e9es<\/strong><br data-start=\"2374\" data-end=\"2377\" \/>Le site est h\u00e9berg\u00e9 par <strong data-start=\"2401\" data-end=\"2433\">Hostinger International Ltd.<\/strong><br data-start=\"2433\" data-end=\"2436\" \/>61 Lordou Vironos Street, 6023 Larnaca, Chypre<br data-start=\"2482\" data-end=\"2485\" \/><a class=\"decorated-link cursor-pointer\" target=\"_new\" rel=\"noopener\" data-start=\"2485\" data-end=\"2539\">https:\/\/www.hostinger.com<\/a><\/p>\n<p data-start=\"2546\" data-end=\"2811\"><strong data-start=\"2546\" data-end=\"2583\">10. Modifications de la politique<\/strong><br data-start=\"2583\" data-end=\"2586\" \/>Fairup Advisory se r\u00e9serve le droit de modifier la pr\u00e9sente politique \u00e0 tout moment afin de garantir sa conformit\u00e9 avec la l\u00e9gislation en vigueur.<br data-start=\"2732\" data-end=\"2735\" \/>Toute modification sera publi\u00e9e sur cette page avec une date de mise \u00e0 jour.<\/p>\n<p data-start=\"2818\" data-end=\"2862\"><strong data-start=\"2818\" data-end=\"2844\">Derni\u00e8re mise \u00e0 jour :<\/strong> 10\/10\/2025<\/p>\t\t\t\t\t\t\t\t<\/div>\n\t\t\t\t\t<\/div>\n\t\t\t\t<\/div>\n\t\t\t\t<\/div>\n\t\t","protected":false},"excerpt":{"rendered":"<p>Fairup Advisory Politique de confidentialit\u00e9 Protection de vos donn\u00e9es personnelles et engagement de confidentialit\u00e9 chez Fairup Advisory 1. IntroductionLa pr\u00e9sente politique de confidentialit\u00e9 a pour objectif d\u2019informer les utilisateurs du site Fairup Advisory sur la mani\u00e8re dont leurs donn\u00e9es personnelles sont collect\u00e9es, utilis\u00e9es et prot\u00e9g\u00e9es.En acc\u00e9dant au site, l\u2019utilisateur accepte la pr\u00e9sente politique de confidentialit\u00e9. [&hellip;]<\/p>\n","protected":false},"author":1,"featured_media":0,"parent":0,"menu_order":0,"comment_status":"closed","ping_status":"closed","template":"","meta":{"footnotes":""},"class_list":["post-42","page","type-page","status-publish","hentry"],"_links":{"self":[{"href":"https:\/\/fair-up.com\/advisory\/wp-json\/wp\/v2\/pages\/42","targetHints":{"allow":["GET"]}}],"collection":[{"href":"https:\/\/fair-up.com\/advisory\/wp-json\/wp\/v2\/pages"}],"about":[{"href":"https:\/\/fair-up.com\/advisory\/wp-json\/wp\/v2\/types\/page"}],"author":[{"embeddable":true,"href":"https:\/\/fair-up.com\/advisory\/wp-json\/wp\/v2\/users\/1"}],"replies":[{"embeddable":true,"href":"https:\/\/fair-up.com\/advisory\/wp-json\/wp\/v2\/comments?post=42"}],"version-history":[{"count":10,"href":"https:\/\/fair-up.com\/advisory\/wp-json\/wp\/v2\/pages\/42\/revisions"}],"predecessor-version":[{"id":532,"href":"https:\/\/fair-up.com\/advisory\/wp-json\/wp\/v2\/pages\/42\/revisions\/532"}],"wp:attachment":[{"href":"https:\/\/fair-up.com\/advisory\/wp-json\/wp\/v2\/media?parent=42"}],"curies":[{"name":"wp","href":"https:\/\/api.w.org\/{rel}","templated":true}]}}