{"id":10113,"date":"2026-03-04T07:01:35","date_gmt":"2026-03-04T07:01:35","guid":{"rendered":"https:\/\/fair-up.com\/agency\/?page_id=10113"},"modified":"2026-03-12T06:19:17","modified_gmt":"2026-03-12T06:19:17","slug":"realisations","status":"publish","type":"page","link":"https:\/\/fair-up.com\/agency\/realisations\/","title":{"rendered":"R\u00e9alisations"},"content":{"rendered":"\t\t<div data-elementor-type=\"wp-page\" data-elementor-id=\"10113\" class=\"elementor elementor-10113\" data-elementor-post-type=\"page\">\n\t\t\t\t<div class=\"elementor-element elementor-element-e6a3c7f e-con-full e-flex e-con e-parent\" data-id=\"e6a3c7f\" data-element_type=\"container\" data-e-type=\"container\" data-settings=\"{&quot;background_background&quot;:&quot;classic&quot;}\">\n\t\t\t\t<div class=\"elementor-element elementor-element-e01d9ef elementor-widget__width-initial elementor-absolute elementor-widget elementor-widget-tp-animated-icon\" data-id=\"e01d9ef\" data-element_type=\"widget\" data-e-type=\"widget\" data-settings=\"{&quot;_position&quot;:&quot;absolute&quot;}\" data-widget_type=\"tp-animated-icon.default\">\n\t\t\t\t<div class=\"elementor-widget-container\">\n\t\t\t\t\t\r\n                    <span class=\"tp-service-hero-shape- tp-el-section\">\r\n                                        <svg class=\"line-2\" viewBox=\"0 0 402 339\" fill=\"none\" xmlns=\"http:\/\/www.w3.org\/2000\/svg\">\n                     <circle cx=\"413.5\" cy=\"413.5\" r=\"353.5\" transform=\"matrix(-1 0 0 1 820 0)\" stroke=\"#F0F0F0\" stroke-width=\"120\"><\/circle>\n                  <\/svg>                        <\/span>\r\n        \t\t\t\t<\/div>\n\t\t\t\t<\/div>\n\t\t<div class=\"elementor-element elementor-element-33fa218 e-flex e-con-boxed e-con e-child\" data-id=\"33fa218\" data-element_type=\"container\" data-e-type=\"container\">\n\t\t\t\t\t<div class=\"e-con-inner\">\n\t\t\t\t<div class=\"elementor-element elementor-element-47fac44 elementor-widget elementor-widget-heading\" data-id=\"47fac44\" data-element_type=\"widget\" data-e-type=\"widget\" data-widget_type=\"heading.default\">\n\t\t\t\t\t<h2 class=\"elementor-heading-title elementor-size-default\">Votre Projet<\/h2>\t\t\t\t<\/div>\n\t\t<div class=\"elementor-element elementor-element-592e767 e-con-full e-flex e-con e-child\" data-id=\"592e767\" data-element_type=\"container\" data-e-type=\"container\">\n\t\t<div class=\"elementor-element elementor-element-b57260b e-con-full e-flex e-con e-child\" data-id=\"b57260b\" data-element_type=\"container\" data-e-type=\"container\">\n\t\t\t\t<div class=\"elementor-element elementor-element-dacc50f elementor-widget elementor-widget-tp-theme-heading\" data-id=\"dacc50f\" data-element_type=\"widget\" data-e-type=\"widget\" data-settings=\"{&quot;tp_heading_align&quot;:&quot;start&quot;}\" data-widget_type=\"tp-theme-heading.default\">\n\t\t\t\t<div class=\"elementor-widget-container\">\n\t\t\t\t\t\r\n\t\t\t\t\t<h2 class=\"tp-el-align tp-about-title fs-50 fs-xl-45 fs-lg-35 fw-500 lh-120-per ls-0 mb-25 tp-el-title \"  data-fade-from=\"default\" data-ease=\"default\" style=\"font-family: ;\">NOS R\u00c9ALISATIONS<\/h2>\t\t\t\t<\/div>\n\t\t\t\t<\/div>\n\t\t\t\t<\/div>\n\t\t<div class=\"elementor-element elementor-element-96f44a9 e-con-full e-flex e-con e-child\" data-id=\"96f44a9\" data-element_type=\"container\" data-e-type=\"container\">\n\t\t\t\t<div class=\"elementor-element elementor-element-7815da6 elementor-widget-tablet__width-initial elementor-widget elementor-widget-tp-theme-description\" data-id=\"7815da6\" data-element_type=\"widget\" data-e-type=\"widget\" data-settings=\"{&quot;tp_desc_align&quot;:&quot;start&quot;}\" data-widget_type=\"tp-theme-description.default\">\n\t\t\t\t<div class=\"elementor-widget-container\">\n\t\t\t\t\t\r\n\t\t\t\t\t<div class=\"\"  >\r\n\t\t\t\t<p class=\"tp-about-para tp-ff-heading fw-500 fs-22 tp-text-grey-1 tp-el-desc tp-el-align\">D\u00e9couvrez comment nous avons accompagn\u00e9 nos clients dans la cr\u00e9ation d'exp\u00e9riences digitales performantes et m\u00e9morables.<\/p>\r\n\t\t\t<\/div>\r\n\t\t\t\t<\/div>\n\t\t\t\t<\/div>\n\t\t\t\t<\/div>\n\t\t\t\t<\/div>\n\t\t\t\t\t<\/div>\n\t\t\t\t<\/div>\n\t\t\t\t<\/div>\n\t\t<div class=\"elementor-element elementor-element-eec368d e-flex e-con-boxed e-con e-parent\" data-id=\"eec368d\" data-element_type=\"container\" data-e-type=\"container\">\n\t\t\t\t\t<div class=\"e-con-inner\">\n\t\t\t\t<div class=\"elementor-element elementor-element-06fd931 elementor-widget elementor-widget-taxonomy-filter\" data-id=\"06fd931\" data-element_type=\"widget\" data-e-type=\"widget\" data-settings=\"{&quot;selected_element&quot;:&quot;62e88af&quot;,&quot;taxonomy&quot;:&quot;portfolios-cat&quot;,&quot;item_alignment_horizontal&quot;:&quot;start&quot;,&quot;horizontal_scroll&quot;:&quot;enable&quot;}\" data-widget_type=\"taxonomy-filter.default\">\n\t\t\t\t\t\t\t<search class=\"e-filter\" role=\"search\" data-base-url=\"https:\/\/fair-up.com\/agency\/\" data-page-num=\"1\">\n\t\t\t\t\t\t\t<button class=\"e-filter-item\" data-filter=\"branding\" aria-pressed=\"false\">Branding<\/button>\n\t\t\t\t\t\t\t<button class=\"e-filter-item\" data-filter=\"e-commerce\" aria-pressed=\"false\">E-commerce<\/button>\n\t\t\t\t\t\t\t<button class=\"e-filter-item\" data-filter=\"site-vetrine\" aria-pressed=\"false\">Site Vetrine<\/button>\n\t\t\t\t\t\t\t<button class=\"e-filter-item\" data-filter=\"social-media\" aria-pressed=\"false\">Social Media<\/button>\n\t\t\t\t\t\t\t<button class=\"e-filter-item\" data-filter=\"strategie\" aria-pressed=\"false\">Strat\u00e9gie<\/button>\n\t\t\t\t\t\t\t<button class=\"e-filter-item\" data-filter=\"web-design\" aria-pressed=\"false\">Web Design<\/button>\n\t\t\t\n\t\t\t\t\t\t\t\t\t<button class=\"e-filter-item\" data-filter=\"__all\" aria-pressed=\"true\">\n\t\t\t\tTous\t\t\t<\/button>\n\t\t\t\t\t<\/search>\n\t\t\t\t\t\t<\/div>\n\t\t\t\t<div class=\"elementor-element elementor-element-62e88af elementor-grid-2 elementor-grid-tablet-2 elementor-grid-mobile-1 elementor-widget elementor-widget-loop-grid\" data-id=\"62e88af\" data-element_type=\"widget\" data-e-type=\"widget\" id=\"pagination_portfolio\" data-settings=\"{&quot;template_id&quot;:10161,&quot;columns&quot;:2,&quot;pagination_type&quot;:&quot;numbers_and_prev_next&quot;,&quot;pagination_load_type&quot;:&quot;ajax&quot;,&quot;auto_scroll&quot;:&quot;yes&quot;,&quot;row_gap&quot;:{&quot;unit&quot;:&quot;px&quot;,&quot;size&quot;:50,&quot;sizes&quot;:[]},&quot;_skin&quot;:&quot;post&quot;,&quot;columns_tablet&quot;:&quot;2&quot;,&quot;columns_mobile&quot;:&quot;1&quot;,&quot;edit_handle_selector&quot;:&quot;[data-elementor-type=\\&quot;loop-item\\&quot;]&quot;,&quot;row_gap_widescreen&quot;:{&quot;unit&quot;:&quot;px&quot;,&quot;size&quot;:&quot;&quot;,&quot;sizes&quot;:[]},&quot;row_gap_laptop&quot;:{&quot;unit&quot;:&quot;px&quot;,&quot;size&quot;:&quot;&quot;,&quot;sizes&quot;:[]},&quot;row_gap_tablet_extra&quot;:{&quot;unit&quot;:&quot;px&quot;,&quot;size&quot;:&quot;&quot;,&quot;sizes&quot;:[]},&quot;row_gap_tablet&quot;:{&quot;unit&quot;:&quot;px&quot;,&quot;size&quot;:&quot;&quot;,&quot;sizes&quot;:[]},&quot;row_gap_mobile_extra&quot;:{&quot;unit&quot;:&quot;px&quot;,&quot;size&quot;:&quot;&quot;,&quot;sizes&quot;:[]},&quot;row_gap_mobile&quot;:{&quot;unit&quot;:&quot;px&quot;,&quot;size&quot;:&quot;&quot;,&quot;sizes&quot;:[]}}\" data-widget_type=\"loop-grid.post\">\n\t\t\t\t<div class=\"elementor-widget-container\">\n\t\t\t\t\t\t\t<div class=\"elementor-loop-container elementor-grid\" role=\"list\">\n\t\t<style id=\"loop-10161\">.elementor-10161 .elementor-element.elementor-element-cb96cc4{--display:flex;--gap:0px 0px;--row-gap:0px;--column-gap:0px;}.elementor-10161 .elementor-element.elementor-element-257447c{--display:flex;--gap:0px 0px;--row-gap:0px;--column-gap:0px;--overflow:hidden;--border-radius:20px 20px 20px 20px;}.elementor-widget-image .widget-image-caption{color:var( --e-global-color-text );font-family:var( --e-global-typography-text-font-family ), Sans-serif;font-weight:var( --e-global-typography-text-font-weight );}.elementor-10161 .elementor-element.elementor-element-a96edb6 img{width:100%;height:500px;object-fit:cover;object-position:center center;transition-duration:1.5s;border-radius:20px 20px 20px 20px;}.elementor-widget-heading .elementor-heading-title{font-family:var( --e-global-typography-primary-font-family ), Sans-serif;font-weight:var( --e-global-typography-primary-font-weight );color:var( --e-global-color-primary );}.elementor-10161 .elementor-element.elementor-element-6f6c01c .elementor-heading-title{font-family:\"Space Grotesk\", Sans-serif;font-size:24px;font-weight:700;text-transform:uppercase;line-height:1.2em;color:#030303;}.elementor-10161 .elementor-element.elementor-element-6f6c01c .elementor-heading-title a:hover, .elementor-10161 .elementor-element.elementor-element-6f6c01c .elementor-heading-title a:focus{color:#B9E018;}.elementor-10161 .elementor-element.elementor-element-6f6c01c{margin:30px 0px calc(var(--kit-widget-spacing, 0px) + 10px) 0px;}.elementor-10161 .elementor-element.elementor-element-83a4423 .elementor-heading-title{font-family:\"Space Grotesk\", Sans-serif;font-size:14px;font-weight:600;text-transform:capitalize;line-height:1.2em;word-spacing:3px;color:#666666;}@media(max-width:575px){.elementor-10161 .elementor-element.elementor-element-a96edb6 img{height:250px;}}<\/style>\t\t<div data-elementor-type=\"loop-item\" data-elementor-id=\"10161\" class=\"elementor elementor-10161 e-loop-item e-loop-item-10014 post-10014 tp-portfolios type-tp-portfolios status-publish has-post-thumbnail hentry portfolios-cat-branding portfolios-cat-e-commerce portfolios-cat-web-design\" data-elementor-post-type=\"elementor_library\" data-custom-edit-handle=\"1\">\n\t\t\t<a class=\"elementor-element elementor-element-cb96cc4 e-flex e-con-boxed e-con e-parent\" data-id=\"cb96cc4\" data-element_type=\"container\" data-e-type=\"container\" href=\"https:\/\/fair-up.com\/agency\/nos-realisations\/the-traventine\/\">\n\t\t\t\t\t<div class=\"e-con-inner\">\n\t\t<div class=\"elementor-element elementor-element-257447c e-con-full e-flex e-con e-child\" data-id=\"257447c\" data-element_type=\"container\" data-e-type=\"container\">\n\t\t\t\t<div class=\"elementor-element elementor-element-a96edb6 elementor-widget elementor-widget-image\" data-id=\"a96edb6\" data-element_type=\"widget\" data-e-type=\"widget\" data-widget_type=\"image.default\">\n\t\t\t\t\t\t\t\t\t\t\t\t\t\t\t<img fetchpriority=\"high\" decoding=\"async\" width=\"2375\" height=\"2084\" src=\"https:\/\/fair-up.com\/agency\/wp-content\/uploads\/2026\/03\/APERCU-OAGE-REALISATION-01-1.png\" class=\"elementor-animation-grow attachment-full size-full wp-image-10490\" alt=\"\" \/>\t\t\t\t\t\t\t\t\t\t\t\t\t\t\t<\/div>\n\t\t\t\t<\/div>\n\t\t\t\t<div class=\"elementor-element elementor-element-6f6c01c elementor-widget elementor-widget-heading\" data-id=\"6f6c01c\" data-element_type=\"widget\" data-e-type=\"widget\" data-widget_type=\"heading.default\">\n\t\t\t\t\t<h2 class=\"elementor-heading-title elementor-size-default\"><a href=\"https:\/\/fair-up.com\/agency\/nos-realisations\/the-traventine\/\">The Travertine<\/a><\/h2>\t\t\t\t<\/div>\n\t\t\t\t\t<\/div>\n\t\t\t\t<\/a>\n\t\t\t\t<\/div>\n\t\t\t\t<div data-elementor-type=\"loop-item\" data-elementor-id=\"10161\" class=\"elementor elementor-10161 e-loop-item e-loop-item-10218 post-10218 tp-portfolios type-tp-portfolios status-publish has-post-thumbnail hentry portfolios-cat-branding portfolios-cat-strategie portfolios-cat-web-design\" data-elementor-post-type=\"elementor_library\" data-custom-edit-handle=\"1\">\n\t\t\t<a class=\"elementor-element elementor-element-cb96cc4 e-flex e-con-boxed e-con e-parent\" data-id=\"cb96cc4\" data-element_type=\"container\" data-e-type=\"container\" href=\"https:\/\/fair-up.com\/agency\/nos-realisations\/prestatr\/\">\n\t\t\t\t\t<div class=\"e-con-inner\">\n\t\t<div class=\"elementor-element elementor-element-257447c e-con-full e-flex e-con e-child\" data-id=\"257447c\" data-element_type=\"container\" data-e-type=\"container\">\n\t\t\t\t<div class=\"elementor-element elementor-element-a96edb6 elementor-widget elementor-widget-image\" data-id=\"a96edb6\" data-element_type=\"widget\" data-e-type=\"widget\" data-widget_type=\"image.default\">\n\t\t\t\t\t\t\t\t\t\t\t\t\t\t\t<img decoding=\"async\" width=\"2375\" height=\"2084\" src=\"https:\/\/fair-up.com\/agency\/wp-content\/uploads\/2026\/03\/APERCU-OAGE-REALISATION-05-1.png\" class=\"elementor-animation-grow attachment-full size-full wp-image-10494\" alt=\"\" \/>\t\t\t\t\t\t\t\t\t\t\t\t\t\t\t<\/div>\n\t\t\t\t<\/div>\n\t\t\t\t<div class=\"elementor-element elementor-element-6f6c01c elementor-widget elementor-widget-heading\" data-id=\"6f6c01c\" data-element_type=\"widget\" data-e-type=\"widget\" data-widget_type=\"heading.default\">\n\t\t\t\t\t<h2 class=\"elementor-heading-title elementor-size-default\"><a href=\"https:\/\/fair-up.com\/agency\/nos-realisations\/prestatr\/\">PrestatR<\/a><\/h2>\t\t\t\t<\/div>\n\t\t\t\t\t<\/div>\n\t\t\t\t<\/a>\n\t\t\t\t<\/div>\n\t\t\t\t<div data-elementor-type=\"loop-item\" data-elementor-id=\"10161\" class=\"elementor elementor-10161 e-loop-item e-loop-item-10220 post-10220 tp-portfolios type-tp-portfolios status-publish has-post-thumbnail hentry portfolios-cat-branding portfolios-cat-e-commerce portfolios-cat-social-media\" data-elementor-post-type=\"elementor_library\" data-custom-edit-handle=\"1\">\n\t\t\t<a class=\"elementor-element elementor-element-cb96cc4 e-flex e-con-boxed e-con e-parent\" data-id=\"cb96cc4\" data-element_type=\"container\" data-e-type=\"container\" href=\"https:\/\/fair-up.com\/agency\/nos-realisations\/perfumeo\/\">\n\t\t\t\t\t<div class=\"e-con-inner\">\n\t\t<div class=\"elementor-element elementor-element-257447c e-con-full e-flex e-con e-child\" data-id=\"257447c\" data-element_type=\"container\" data-e-type=\"container\">\n\t\t\t\t<div class=\"elementor-element elementor-element-a96edb6 elementor-widget elementor-widget-image\" data-id=\"a96edb6\" data-element_type=\"widget\" data-e-type=\"widget\" data-widget_type=\"image.default\">\n\t\t\t\t\t\t\t\t\t\t\t\t\t\t\t<img decoding=\"async\" width=\"2375\" height=\"2084\" src=\"https:\/\/fair-up.com\/agency\/wp-content\/uploads\/2026\/03\/APERCU-OAGE-REALISATION-04-1.png\" class=\"elementor-animation-grow attachment-full size-full wp-image-10493\" alt=\"\" \/>\t\t\t\t\t\t\t\t\t\t\t\t\t\t\t<\/div>\n\t\t\t\t<\/div>\n\t\t\t\t<div class=\"elementor-element elementor-element-6f6c01c elementor-widget elementor-widget-heading\" data-id=\"6f6c01c\" data-element_type=\"widget\" data-e-type=\"widget\" data-widget_type=\"heading.default\">\n\t\t\t\t\t<h2 class=\"elementor-heading-title elementor-size-default\"><a href=\"https:\/\/fair-up.com\/agency\/nos-realisations\/perfumeo\/\">Perfumeo<\/a><\/h2>\t\t\t\t<\/div>\n\t\t\t\t\t<\/div>\n\t\t\t\t<\/a>\n\t\t\t\t<\/div>\n\t\t\t\t<div data-elementor-type=\"loop-item\" data-elementor-id=\"10161\" class=\"elementor elementor-10161 e-loop-item e-loop-item-10222 post-10222 tp-portfolios type-tp-portfolios status-publish has-post-thumbnail hentry portfolios-cat-branding portfolios-cat-site-vetrine portfolios-cat-web-design\" data-elementor-post-type=\"elementor_library\" data-custom-edit-handle=\"1\">\n\t\t\t<a class=\"elementor-element elementor-element-cb96cc4 e-flex e-con-boxed e-con e-parent\" data-id=\"cb96cc4\" data-element_type=\"container\" data-e-type=\"container\" href=\"https:\/\/fair-up.com\/agency\/nos-realisations\/fmee\/\">\n\t\t\t\t\t<div class=\"e-con-inner\">\n\t\t<div class=\"elementor-element elementor-element-257447c e-con-full e-flex e-con e-child\" data-id=\"257447c\" data-element_type=\"container\" data-e-type=\"container\">\n\t\t\t\t<div class=\"elementor-element elementor-element-a96edb6 elementor-widget elementor-widget-image\" data-id=\"a96edb6\" data-element_type=\"widget\" data-e-type=\"widget\" data-widget_type=\"image.default\">\n\t\t\t\t\t\t\t\t\t\t\t\t\t\t\t<img loading=\"lazy\" decoding=\"async\" width=\"3508\" height=\"2481\" src=\"https:\/\/fair-up.com\/agency\/wp-content\/uploads\/2026\/03\/portfolio-switch-35.png\" class=\"elementor-animation-grow attachment-full size-full wp-image-10426\" alt=\"\" \/>\t\t\t\t\t\t\t\t\t\t\t\t\t\t\t<\/div>\n\t\t\t\t<\/div>\n\t\t\t\t<div class=\"elementor-element elementor-element-6f6c01c elementor-widget elementor-widget-heading\" data-id=\"6f6c01c\" data-element_type=\"widget\" data-e-type=\"widget\" data-widget_type=\"heading.default\">\n\t\t\t\t\t<h2 class=\"elementor-heading-title elementor-size-default\"><a href=\"https:\/\/fair-up.com\/agency\/nos-realisations\/fmee\/\">Fmee<\/a><\/h2>\t\t\t\t<\/div>\n\t\t\t\t\t<\/div>\n\t\t\t\t<\/a>\n\t\t\t\t<\/div>\n\t\t\t\t<div data-elementor-type=\"loop-item\" data-elementor-id=\"10161\" class=\"elementor elementor-10161 e-loop-item e-loop-item-10224 post-10224 tp-portfolios type-tp-portfolios status-publish has-post-thumbnail hentry portfolios-cat-branding\" data-elementor-post-type=\"elementor_library\" data-custom-edit-handle=\"1\">\n\t\t\t<a class=\"elementor-element elementor-element-cb96cc4 e-flex e-con-boxed e-con e-parent\" data-id=\"cb96cc4\" data-element_type=\"container\" data-e-type=\"container\" href=\"https:\/\/fair-up.com\/agency\/nos-realisations\/prouv\/\">\n\t\t\t\t\t<div class=\"e-con-inner\">\n\t\t<div class=\"elementor-element elementor-element-257447c e-con-full e-flex e-con e-child\" data-id=\"257447c\" data-element_type=\"container\" data-e-type=\"container\">\n\t\t\t\t<div class=\"elementor-element elementor-element-a96edb6 elementor-widget elementor-widget-image\" data-id=\"a96edb6\" data-element_type=\"widget\" data-e-type=\"widget\" data-widget_type=\"image.default\">\n\t\t\t\t\t\t\t\t\t\t\t\t\t\t\t<img loading=\"lazy\" decoding=\"async\" width=\"2375\" height=\"2084\" src=\"https:\/\/fair-up.com\/agency\/wp-content\/uploads\/2026\/03\/APERCU-OAGE-REALISATION-02-1.png\" class=\"elementor-animation-grow attachment-full size-full wp-image-10491\" alt=\"\" \/>\t\t\t\t\t\t\t\t\t\t\t\t\t\t\t<\/div>\n\t\t\t\t<\/div>\n\t\t\t\t<div class=\"elementor-element elementor-element-6f6c01c elementor-widget elementor-widget-heading\" data-id=\"6f6c01c\" data-element_type=\"widget\" data-e-type=\"widget\" data-widget_type=\"heading.default\">\n\t\t\t\t\t<h2 class=\"elementor-heading-title elementor-size-default\"><a href=\"https:\/\/fair-up.com\/agency\/nos-realisations\/prouv\/\">Prouv<\/a><\/h2>\t\t\t\t<\/div>\n\t\t\t\t\t<\/div>\n\t\t\t\t<\/a>\n\t\t\t\t<\/div>\n\t\t\t\t<div data-elementor-type=\"loop-item\" data-elementor-id=\"10161\" class=\"elementor elementor-10161 e-loop-item e-loop-item-10488 post-10488 tp-portfolios type-tp-portfolios status-publish has-post-thumbnail hentry portfolios-cat-branding portfolios-cat-e-commerce portfolios-cat-web-design\" data-elementor-post-type=\"elementor_library\" data-custom-edit-handle=\"1\">\n\t\t\t<a class=\"elementor-element elementor-element-cb96cc4 e-flex e-con-boxed e-con e-parent\" data-id=\"cb96cc4\" data-element_type=\"container\" data-e-type=\"container\" href=\"https:\/\/fair-up.com\/agency\/nos-realisations\/the-parfumerie\/\">\n\t\t\t\t\t<div class=\"e-con-inner\">\n\t\t<div class=\"elementor-element elementor-element-257447c e-con-full e-flex e-con e-child\" data-id=\"257447c\" data-element_type=\"container\" data-e-type=\"container\">\n\t\t\t\t<div class=\"elementor-element elementor-element-a96edb6 elementor-widget elementor-widget-image\" data-id=\"a96edb6\" data-element_type=\"widget\" data-e-type=\"widget\" data-widget_type=\"image.default\">\n\t\t\t\t\t\t\t\t\t\t\t\t\t\t\t<img loading=\"lazy\" decoding=\"async\" width=\"2375\" height=\"2084\" src=\"https:\/\/fair-up.com\/agency\/wp-content\/uploads\/2026\/03\/APERCU-OAGE-REALISATION-03-1.png\" class=\"elementor-animation-grow attachment-full size-full wp-image-10492\" alt=\"\" \/>\t\t\t\t\t\t\t\t\t\t\t\t\t\t\t<\/div>\n\t\t\t\t<\/div>\n\t\t\t\t<div class=\"elementor-element elementor-element-6f6c01c elementor-widget elementor-widget-heading\" data-id=\"6f6c01c\" data-element_type=\"widget\" data-e-type=\"widget\" data-widget_type=\"heading.default\">\n\t\t\t\t\t<h2 class=\"elementor-heading-title elementor-size-default\"><a href=\"https:\/\/fair-up.com\/agency\/nos-realisations\/the-parfumerie\/\">The Parfumerie<\/a><\/h2>\t\t\t\t<\/div>\n\t\t\t\t\t<\/div>\n\t\t\t\t<\/a>\n\t\t\t\t<\/div>\n\t\t\t\t<\/div>\n\t\t\n\t\t\t\t\t\t<\/div>\n\t\t\t\t<\/div>\n\t\t<div class=\"elementor-element elementor-element-d819712 e-con-full e-flex e-con e-child\" data-id=\"d819712\" data-element_type=\"container\" data-e-type=\"container\" data-settings=\"{&quot;background_background&quot;:&quot;classic&quot;}\">\n\t\t<div class=\"elementor-element elementor-element-baa1eeb e-con-full e-flex e-con e-child\" data-id=\"baa1eeb\" data-element_type=\"container\" data-e-type=\"container\">\n\t\t<div class=\"elementor-element elementor-element-79dd8da e-con-full e-flex e-con e-child\" data-id=\"79dd8da\" data-element_type=\"container\" data-e-type=\"container\">\n\t\t\t\t<div class=\"elementor-element elementor-element-94cf203 elementor-widget elementor-widget-heading\" data-id=\"94cf203\" data-element_type=\"widget\" data-e-type=\"widget\" data-widget_type=\"heading.default\">\n\t\t\t\t\t<h2 class=\"elementor-heading-title elementor-size-default\">Besoin d'un <br>projet sp\u00e9cifique ?<\/h2>\t\t\t\t<\/div>\n\t\t\t\t<div class=\"elementor-element elementor-element-5339227 elementor-widget elementor-widget-heading\" data-id=\"5339227\" data-element_type=\"widget\" data-e-type=\"widget\" data-widget_type=\"heading.default\">\n\t\t\t\t\t<h2 class=\"elementor-heading-title elementor-size-default\">Discutons de vos objectifs et voyons comment nous<br> pouvons vous aider \u00e0 les atteindre.<\/h2>\t\t\t\t<\/div>\n\t\t\t\t<\/div>\n\t\t<div class=\"elementor-element elementor-element-f8dfcd7 e-con-full e-flex e-con e-child\" data-id=\"f8dfcd7\" data-element_type=\"container\" data-e-type=\"container\">\n\t\t\t\t<div class=\"elementor-element elementor-element-326ae8d elementor-align-justify elementor-widget__width-initial elementor-widget elementor-widget-button\" data-id=\"326ae8d\" data-element_type=\"widget\" data-e-type=\"widget\" data-widget_type=\"button.default\">\n\t\t\t\t\t\t\t\t\t\t<a class=\"elementor-button elementor-button-link elementor-size-sm\" href=\"https:\/\/fair-up.com\/agency\/demander-devis\/\">\n\t\t\t\t\t\t<span class=\"elementor-button-content-wrapper\">\n\t\t\t\t\t\t<span class=\"elementor-button-icon\">\n\t\t\t\t<i aria-hidden=\"true\" class=\"fal fa-arrow-right\"><\/i>\t\t\t<\/span>\n\t\t\t\t\t\t\t\t\t<span class=\"elementor-button-text\">Demander un devis<\/span>\n\t\t\t\t\t<\/span>\n\t\t\t\t\t<\/a>\n\t\t\t\t\t\t\t\t<\/div>\n\t\t\t\t<\/div>\n\t\t\t\t<\/div>\n\t\t\t\t<\/div>\n\t\t\t\t\t<\/div>\n\t\t\t\t<\/div>\n\t\t\t\t<\/div>\n\t\t","protected":false},"excerpt":{"rendered":"<p>Votre Projet NOS R\u00c9ALISATIONS D\u00e9couvrez comment nous avons accompagn\u00e9 nos clients dans la cr\u00e9ation d&rsquo;exp\u00e9riences digitales performantes et m\u00e9morables. Branding E-commerce Site Vetrine Social Media Strat\u00e9gie Web Design Tous Besoin d&rsquo;un projet sp\u00e9cifique ? Discutons de vos objectifs et voyons comment nous pouvons vous aider \u00e0 les atteindre. Demander un devis<\/p>\n","protected":false},"author":1,"featured_media":0,"parent":0,"menu_order":0,"comment_status":"closed","ping_status":"closed","template":"elementor_header_footer","meta":{"_acf_changed":false,"footnotes":""},"class_list":["post-10113","page","type-page","status-publish","hentry"],"acf":[],"_links":{"self":[{"href":"https:\/\/fair-up.com\/agency\/wp-json\/wp\/v2\/pages\/10113","targetHints":{"allow":["GET"]}}],"collection":[{"href":"https:\/\/fair-up.com\/agency\/wp-json\/wp\/v2\/pages"}],"about":[{"href":"https:\/\/fair-up.com\/agency\/wp-json\/wp\/v2\/types\/page"}],"author":[{"embeddable":true,"href":"https:\/\/fair-up.com\/agency\/wp-json\/wp\/v2\/users\/1"}],"replies":[{"embeddable":true,"href":"https:\/\/fair-up.com\/agency\/wp-json\/wp\/v2\/comments?post=10113"}],"version-history":[{"count":88,"href":"https:\/\/fair-up.com\/agency\/wp-json\/wp\/v2\/pages\/10113\/revisions"}],"predecessor-version":[{"id":10688,"href":"https:\/\/fair-up.com\/agency\/wp-json\/wp\/v2\/pages\/10113\/revisions\/10688"}],"wp:attachment":[{"href":"https:\/\/fair-up.com\/agency\/wp-json\/wp\/v2\/media?parent=10113"}],"curies":[{"name":"wp","href":"https:\/\/api.w.org\/{rel}","templated":true}]}}